{"id":605,"date":"2024-07-03T09:48:59","date_gmt":"2024-07-03T07:48:59","guid":{"rendered":"https:\/\/hm-stands.fr\/?page_id=605"},"modified":"2026-04-16T21:27:09","modified_gmt":"2026-04-16T19:27:09","slug":"merci","status":"publish","type":"page","link":"https:\/\/hm-stands.fr\/index.php\/merci\/","title":{"rendered":"Merci"},"content":{"rendered":"<style>.kb-row-layout-id605_f3a218-93 > .kt-row-column-wrap{align-content:start;}:where(.kb-row-layout-id605_f3a218-93 > .kt-row-column-wrap) > .wp-block-kadence-column{justify-content:start;}.kb-row-layout-id605_f3a218-93 > .kt-row-column-wrap{column-gap:var(--global-kb-gap-md, 2rem);row-gap:var(--global-kb-gap-md, 2rem);padding-top:var(--global-kb-spacing-sm, 1.5rem);padding-bottom:var(--global-kb-spacing-sm, 1.5rem);}.kb-row-layout-id605_f3a218-93 > .kt-row-column-wrap > div:not(.added-for-specificity){grid-column:initial;}.kb-row-layout-id605_f3a218-93 > .kt-row-column-wrap{grid-template-columns:minmax(0, 1fr) minmax(0, 2fr) minmax(0, 1fr);}.kb-row-layout-id605_f3a218-93 > .kt-row-layout-overlay{opacity:0.30;}@media all and (max-width: 1024px){.kb-row-layout-id605_f3a218-93 > .kt-row-column-wrap > div:not(.added-for-specificity){grid-column:initial;}}@media all and (max-width: 1024px){.kb-row-layout-id605_f3a218-93 > .kt-row-column-wrap{grid-template-columns:minmax(0, 1fr) minmax(0, 2fr) minmax(0, 1fr);}}@media all and (max-width: 767px){.kb-row-layout-id605_f3a218-93 > .kt-row-column-wrap > div:not(.added-for-specificity){grid-column:initial;}.kb-row-layout-id605_f3a218-93 > .kt-row-column-wrap{grid-template-columns:minmax(0, 1fr);}}<\/style><div class=\"kb-row-layout-wrap kb-row-layout-id605_f3a218-93 alignnone wp-block-kadence-rowlayout\"><div class=\"kt-row-column-wrap kt-has-3-columns kt-row-layout-center-half kt-tab-layout-inherit kt-mobile-layout-row kt-row-valign-top\">\n<style>.kadence-column605_c73ed2-08 > .kt-inside-inner-col,.kadence-column605_c73ed2-08 > .kt-inside-inner-col:before{border-top-left-radius:0px;border-top-right-radius:0px;border-bottom-right-radius:0px;border-bottom-left-radius:0px;}.kadence-column605_c73ed2-08 > .kt-inside-inner-col{column-gap:var(--global-kb-gap-sm, 1rem);}.kadence-column605_c73ed2-08 > .kt-inside-inner-col{flex-direction:column;}.kadence-column605_c73ed2-08 > .kt-inside-inner-col > .aligncenter{width:100%;}.kadence-column605_c73ed2-08 > .kt-inside-inner-col:before{opacity:0.3;}.kadence-column605_c73ed2-08{position:relative;}@media all and (max-width: 1024px){.kadence-column605_c73ed2-08 > .kt-inside-inner-col{flex-direction:column;justify-content:center;}}@media all and (max-width: 767px){.kadence-column605_c73ed2-08 > .kt-inside-inner-col{flex-direction:column;justify-content:center;}}<\/style>\n<div class=\"wp-block-kadence-column kadence-column605_c73ed2-08\"><div class=\"kt-inside-inner-col\"><\/div><\/div>\n\n\n<style>.kadence-column605_acb884-2c > .kt-inside-inner-col,.kadence-column605_acb884-2c > .kt-inside-inner-col:before{border-top-left-radius:0px;border-top-right-radius:0px;border-bottom-right-radius:0px;border-bottom-left-radius:0px;}.kadence-column605_acb884-2c > .kt-inside-inner-col{column-gap:var(--global-kb-gap-sm, 1rem);}.kadence-column605_acb884-2c > .kt-inside-inner-col{flex-direction:column;}.kadence-column605_acb884-2c > .kt-inside-inner-col > .aligncenter{width:100%;}.kadence-column605_acb884-2c > .kt-inside-inner-col:before{opacity:0.3;}.kadence-column605_acb884-2c{position:relative;}@media all and (max-width: 1024px){.kadence-column605_acb884-2c > .kt-inside-inner-col{flex-direction:column;justify-content:center;}}@media all and (max-width: 767px){.kadence-column605_acb884-2c > .kt-inside-inner-col{flex-direction:column;justify-content:center;}}<\/style>\n<div class=\"wp-block-kadence-column kadence-column605_acb884-2c\"><div class=\"kt-inside-inner-col\">\n<h2 class=\"wp-block-heading\">Merci<\/h2>\n\n\n\n<p>Nous avons bien enregistr\u00e9 votre demande et nous vous en remercions.<br>Vous recevrez un retour de notre part sous 24 h par mail ou t\u00e9l\u00e9phone.<br>Votre demande ne vous emp\u00eache pas de nous t\u00e9l\u00e9phoner si vous souhaitez un traitement plus rapide \ud83d\ude09<br><br>Bonne journ\u00e9e !<\/p>\n<\/div><\/div>\n\n\n<style>.kadence-column605_802ad8-3a > .kt-inside-inner-col,.kadence-column605_802ad8-3a > .kt-inside-inner-col:before{border-top-left-radius:0px;border-top-right-radius:0px;border-bottom-right-radius:0px;border-bottom-left-radius:0px;}.kadence-column605_802ad8-3a > .kt-inside-inner-col{column-gap:var(--global-kb-gap-sm, 1rem);}.kadence-column605_802ad8-3a > .kt-inside-inner-col{flex-direction:column;}.kadence-column605_802ad8-3a > .kt-inside-inner-col > .aligncenter{width:100%;}.kadence-column605_802ad8-3a > .kt-inside-inner-col:before{opacity:0.3;}.kadence-column605_802ad8-3a{position:relative;}@media all and (max-width: 1024px){.kadence-column605_802ad8-3a > .kt-inside-inner-col{flex-direction:column;justify-content:center;}}@media all and (max-width: 767px){.kadence-column605_802ad8-3a > .kt-inside-inner-col{flex-direction:column;justify-content:center;}}<\/style>\n<div class=\"wp-block-kadence-column kadence-column605_802ad8-3a\"><div class=\"kt-inside-inner-col\"><\/div><\/div>\n\n<\/div><\/div>","protected":false},"excerpt":{"rendered":"<p>Merci Nous avons bien enregistr\u00e9 votre demande et nous vous en remercions.Vous recevrez un retour de notre part sous 24 h par mail ou t\u00e9l\u00e9phone.Votre demande ne vous emp\u00eache pas de nous t\u00e9l\u00e9phoner si vous souhaitez un traitement plus rapide \ud83d\ude09 Bonne journ\u00e9e !<\/p>\n","protected":false},"author":1,"featured_media":0,"parent":0,"menu_order":0,"comment_status":"closed","ping_status":"closed","template":"","meta":{"footnotes":""},"class_list":["post-605","page","type-page","status-publish","hentry"],"blocksy_meta":[],"yoast_head":"<!-- This site is optimized with the Yoast SEO plugin v27.4 - https:\/\/yoast.com\/product\/yoast-seo-wordpress\/ -->\n<title>Merci - HM-STANDS<\/title>\n<meta name=\"robots\" content=\"index, follow, max-snippet:-1, max-image-preview:large, max-video-preview:-1\" \/>\n<link rel=\"canonical\" href=\"https:\/\/hm-stands.fr\/index.php\/merci\/\" \/>\n<meta property=\"og:locale\" content=\"fr_FR\" \/>\n<meta property=\"og:type\" content=\"article\" \/>\n<meta property=\"og:title\" content=\"Merci - HM-STANDS\" \/>\n<meta property=\"og:description\" content=\"Merci Nous avons bien enregistr\u00e9 votre demande et nous vous en remercions.Vous recevrez un retour de notre part sous 24 h par mail ou t\u00e9l\u00e9phone.Votre demande ne vous emp\u00eache pas de nous t\u00e9l\u00e9phoner si vous souhaitez un traitement plus rapide \ud83d\ude09 Bonne journ\u00e9e !\" \/>\n<meta property=\"og:url\" content=\"https:\/\/hm-stands.fr\/index.php\/merci\/\" \/>\n<meta property=\"og:site_name\" content=\"HM-STANDS\" \/>\n<meta property=\"article:modified_time\" content=\"2026-04-16T19:27:09+00:00\" \/>\n<meta name=\"twitter:card\" content=\"summary_large_image\" \/>\n<meta name=\"twitter:label1\" content=\"Dur\u00e9e de lecture estim\u00e9e\" \/>\n\t<meta name=\"twitter:data1\" content=\"1 minute\" \/>\n<script type=\"application\/ld+json\" class=\"yoast-schema-graph\">{\"@context\":\"https:\\\/\\\/schema.org\",\"@graph\":[{\"@type\":\"WebPage\",\"@id\":\"https:\\\/\\\/hm-stands.fr\\\/index.php\\\/merci\\\/\",\"url\":\"https:\\\/\\\/hm-stands.fr\\\/index.php\\\/merci\\\/\",\"name\":\"Merci - HM-STANDS\",\"isPartOf\":{\"@id\":\"https:\\\/\\\/hm-stands.fr\\\/#website\"},\"datePublished\":\"2024-07-03T07:48:59+00:00\",\"dateModified\":\"2026-04-16T19:27:09+00:00\",\"breadcrumb\":{\"@id\":\"https:\\\/\\\/hm-stands.fr\\\/index.php\\\/merci\\\/#breadcrumb\"},\"inLanguage\":\"fr-FR\",\"potentialAction\":[{\"@type\":\"ReadAction\",\"target\":[\"https:\\\/\\\/hm-stands.fr\\\/index.php\\\/merci\\\/\"]}]},{\"@type\":\"BreadcrumbList\",\"@id\":\"https:\\\/\\\/hm-stands.fr\\\/index.php\\\/merci\\\/#breadcrumb\",\"itemListElement\":[{\"@type\":\"ListItem\",\"position\":1,\"name\":\"Accueil\",\"item\":\"https:\\\/\\\/hm-stands.fr\\\/\"},{\"@type\":\"ListItem\",\"position\":2,\"name\":\"Merci\"}]},{\"@type\":\"WebSite\",\"@id\":\"https:\\\/\\\/hm-stands.fr\\\/#website\",\"url\":\"https:\\\/\\\/hm-stands.fr\\\/\",\"name\":\"HM-STANDS\",\"description\":\"Partenaire de vos \u00e9v\u00e8nements\",\"publisher\":{\"@id\":\"https:\\\/\\\/hm-stands.fr\\\/#organization\"},\"potentialAction\":[{\"@type\":\"SearchAction\",\"target\":{\"@type\":\"EntryPoint\",\"urlTemplate\":\"https:\\\/\\\/hm-stands.fr\\\/?s={search_term_string}\"},\"query-input\":{\"@type\":\"PropertyValueSpecification\",\"valueRequired\":true,\"valueName\":\"search_term_string\"}}],\"inLanguage\":\"fr-FR\"},{\"@type\":\"Organization\",\"@id\":\"https:\\\/\\\/hm-stands.fr\\\/#organization\",\"name\":\"HM-STANDS\",\"url\":\"https:\\\/\\\/hm-stands.fr\\\/\",\"logo\":{\"@type\":\"ImageObject\",\"inLanguage\":\"fr-FR\",\"@id\":\"https:\\\/\\\/hm-stands.fr\\\/#\\\/schema\\\/logo\\\/image\\\/\",\"url\":\"https:\\\/\\\/hm-stands.fr\\\/wp-content\\\/uploads\\\/2024\\\/06\\\/HM-Stands.png\",\"contentUrl\":\"https:\\\/\\\/hm-stands.fr\\\/wp-content\\\/uploads\\\/2024\\\/06\\\/HM-Stands.png\",\"width\":762,\"height\":772,\"caption\":\"HM-STANDS\"},\"image\":{\"@id\":\"https:\\\/\\\/hm-stands.fr\\\/#\\\/schema\\\/logo\\\/image\\\/\"},\"sameAs\":[\"https:\\\/\\\/www.linkedin.com\\\/company\\\/hm-stands\\\/?viewAsMember=true\"]}]}<\/script>\n<!-- \/ Yoast SEO plugin. -->","yoast_head_json":{"title":"Merci - HM-STANDS","robots":{"index":"index","follow":"follow","max-snippet":"max-snippet:-1","max-image-preview":"max-image-preview:large","max-video-preview":"max-video-preview:-1"},"canonical":"https:\/\/hm-stands.fr\/index.php\/merci\/","og_locale":"fr_FR","og_type":"article","og_title":"Merci - HM-STANDS","og_description":"Merci Nous avons bien enregistr\u00e9 votre demande et nous vous en remercions.Vous recevrez un retour de notre part sous 24 h par mail ou t\u00e9l\u00e9phone.Votre demande ne vous emp\u00eache pas de nous t\u00e9l\u00e9phoner si vous souhaitez un traitement plus rapide \ud83d\ude09 Bonne journ\u00e9e !","og_url":"https:\/\/hm-stands.fr\/index.php\/merci\/","og_site_name":"HM-STANDS","article_modified_time":"2026-04-16T19:27:09+00:00","twitter_card":"summary_large_image","twitter_misc":{"Dur\u00e9e de lecture estim\u00e9e":"1 minute"},"schema":{"@context":"https:\/\/schema.org","@graph":[{"@type":"WebPage","@id":"https:\/\/hm-stands.fr\/index.php\/merci\/","url":"https:\/\/hm-stands.fr\/index.php\/merci\/","name":"Merci - HM-STANDS","isPartOf":{"@id":"https:\/\/hm-stands.fr\/#website"},"datePublished":"2024-07-03T07:48:59+00:00","dateModified":"2026-04-16T19:27:09+00:00","breadcrumb":{"@id":"https:\/\/hm-stands.fr\/index.php\/merci\/#breadcrumb"},"inLanguage":"fr-FR","potentialAction":[{"@type":"ReadAction","target":["https:\/\/hm-stands.fr\/index.php\/merci\/"]}]},{"@type":"BreadcrumbList","@id":"https:\/\/hm-stands.fr\/index.php\/merci\/#breadcrumb","itemListElement":[{"@type":"ListItem","position":1,"name":"Accueil","item":"https:\/\/hm-stands.fr\/"},{"@type":"ListItem","position":2,"name":"Merci"}]},{"@type":"WebSite","@id":"https:\/\/hm-stands.fr\/#website","url":"https:\/\/hm-stands.fr\/","name":"HM-STANDS","description":"Partenaire de vos \u00e9v\u00e8nements","publisher":{"@id":"https:\/\/hm-stands.fr\/#organization"},"potentialAction":[{"@type":"SearchAction","target":{"@type":"EntryPoint","urlTemplate":"https:\/\/hm-stands.fr\/?s={search_term_string}"},"query-input":{"@type":"PropertyValueSpecification","valueRequired":true,"valueName":"search_term_string"}}],"inLanguage":"fr-FR"},{"@type":"Organization","@id":"https:\/\/hm-stands.fr\/#organization","name":"HM-STANDS","url":"https:\/\/hm-stands.fr\/","logo":{"@type":"ImageObject","inLanguage":"fr-FR","@id":"https:\/\/hm-stands.fr\/#\/schema\/logo\/image\/","url":"https:\/\/hm-stands.fr\/wp-content\/uploads\/2024\/06\/HM-Stands.png","contentUrl":"https:\/\/hm-stands.fr\/wp-content\/uploads\/2024\/06\/HM-Stands.png","width":762,"height":772,"caption":"HM-STANDS"},"image":{"@id":"https:\/\/hm-stands.fr\/#\/schema\/logo\/image\/"},"sameAs":["https:\/\/www.linkedin.com\/company\/hm-stands\/?viewAsMember=true"]}]}},"publishpress_future_action":{"enabled":false,"date":"2026-05-05 15:40:46","action":"change-status","newStatus":"draft","terms":[],"taxonomy":"","extraData":[]},"publishpress_future_workflow_manual_trigger":{"enabledWorkflows":[]},"_links":{"self":[{"href":"https:\/\/hm-stands.fr\/index.php\/wp-json\/wp\/v2\/pages\/605","targetHints":{"allow":["GET"]}}],"collection":[{"href":"https:\/\/hm-stands.fr\/index.php\/wp-json\/wp\/v2\/pages"}],"about":[{"href":"https:\/\/hm-stands.fr\/index.php\/wp-json\/wp\/v2\/types\/page"}],"author":[{"embeddable":true,"href":"https:\/\/hm-stands.fr\/index.php\/wp-json\/wp\/v2\/users\/1"}],"replies":[{"embeddable":true,"href":"https:\/\/hm-stands.fr\/index.php\/wp-json\/wp\/v2\/comments?post=605"}],"version-history":[{"count":3,"href":"https:\/\/hm-stands.fr\/index.php\/wp-json\/wp\/v2\/pages\/605\/revisions"}],"predecessor-version":[{"id":1020,"href":"https:\/\/hm-stands.fr\/index.php\/wp-json\/wp\/v2\/pages\/605\/revisions\/1020"}],"wp:attachment":[{"href":"https:\/\/hm-stands.fr\/index.php\/wp-json\/wp\/v2\/media?parent=605"}],"curies":[{"name":"wp","href":"https:\/\/api.w.org\/{rel}","templated":true}]}}